{"id":1046,"date":"2024-08-14T11:08:16","date_gmt":"2024-08-14T11:08:16","guid":{"rendered":"https:\/\/live-irc-safe.pantheonsite.io\/declare-sus-impuestos\/"},"modified":"2024-12-24T18:33:15","modified_gmt":"2024-12-24T18:33:15","slug":"declare-sus-impuestos","status":"publish","type":"page","link":"https:\/\/www.safeirc.org\/es\/declare-sus-impuestos\/","title":{"rendered":"Declare sus impuestos"},"content":{"rendered":"\n<div class=\"wp-block-cover fade-in-cover below\" style=\"min-height:675px;aspect-ratio:unset;\"><span aria-hidden=\"true\" class=\"wp-block-cover__background has-background-dim-0 has-background-dim\" style=\"background-color:#8f7a76\"><\/span><img loading=\"lazy\" decoding=\"async\" width=\"1440\" height=\"636\" class=\"wp-block-cover__image-background wp-image-117\" alt=\"\" src=\"https:\/\/live-irc-safe.pantheonsite.io\/wp-content\/uploads\/2024\/08\/bg-about.png\" data-object-fit=\"cover\" srcset=\"https:\/\/www.safeirc.org\/wp-content\/uploads\/2024\/08\/bg-about.png 1440w, https:\/\/www.safeirc.org\/wp-content\/uploads\/2024\/08\/bg-about-300x133.png 300w, https:\/\/www.safeirc.org\/wp-content\/uploads\/2024\/08\/bg-about-1024x452.png 1024w, https:\/\/www.safeirc.org\/wp-content\/uploads\/2024\/08\/bg-about-768x339.png 768w\" sizes=\"(max-width: 1440px) 100vw, 1440px\" \/><div class=\"wp-block-cover__inner-container is-layout-constrained wp-block-cover-is-layout-constrained\">\n<div class=\"wp-block-group reveal-container\"><div class=\"wp-block-group__inner-container is-layout-constrained wp-block-group-is-layout-constrained\">\n<h2 class=\"wp-block-heading has-text-align-center bg-primary fade-in-left reveal-content has-text-color has-link-color has-large-font-size wp-elements-5afbd5a0791accaff500b6c4e0925097\" style=\"color:#000000\">Declare sus impuestos<\/h2>\n<\/div><\/div>\n<\/div><\/div>\n\n\n\n<div class=\"wp-block-group pad-5 intro-group pos-relative\"><div class=\"wp-block-group__inner-container is-layout-constrained wp-block-group-is-layout-constrained\">\n<div class=\"border-animate\"> <\/div>\n\n\n\n<p>Las declaraciones de impuestos anuales se preparan desde mediados de enero hasta mediados de abril, para el a\u00f1o anterior. El IRS est\u00e1 aceptando declaraciones de impuestos de 2024 del 30 de enero al 18 de abril de 2025. Puede encontrar m\u00e1s informaci\u00f3n sobre la presentaci\u00f3n de sus impuestos en las preguntas a continuaci\u00f3n o en los siguientes recursos.<\/p>\n\n\n\n<p><\/p>\n\n\n\n<ul class=\"wp-block-list\">\n<li><a href=\"https:\/\/www.irs.gov\/individuals\/free-tax-return-preparation-for-qualifying-taxpayers\">Recursos de impuestos del IRS<\/a><\/li>\n\n\n\n<li><a href=\"https:\/\/www.rescue.org\/vita\">Programa VITA del IRC<\/a><\/li>\n\n\n\n<li>Asista a una Clase de Impuestos SAFE <a href=\"https:\/\/live-irc-safe.pantheonsite.io\/es\/consejeria-financiera\/\" data-type=\"page\" data-id=\"794\">aqu\u00ed!<\/a><\/li>\n<\/ul>\n<\/div><\/div>\n\n\n\n<div class=\"wp-block-group pad-5-no-top\"><div class=\"wp-block-group__inner-container is-layout-constrained wp-block-group-is-layout-constrained\">\n<p class=\"fade-in-up1\" style=\"font-size:28px\"><strong>Preguntas m\u00e1s frecuentes<\/strong><\/p>\n\n\n\n<div style=\"height:25px\" aria-hidden=\"true\" class=\"wp-block-spacer\"><\/div>\n\n\n    <div class=\"accordion fade-in-up1\" id=\"faqAccordion\">\n                    <div class=\"accordion-item\">\n                <h2 class=\"accordion-header\" id=\"heading1\">\n                    <button class=\"accordion-button collapsed\" type=\"button\" data-bs-toggle=\"collapse\" data-bs-target=\"#collapse1\" aria-expanded=\"false\" aria-controls=\"collapse1\">\n                        <i class=\"fa fa-plus me-2\"><\/i>\n                        \u00bfQui\u00e9n necesita declarar impuestos?                    <\/button>\n                <\/h2>\n                <div id=\"collapse1\" class=\"accordion-collapse collapse\" aria-labelledby=\"heading1\" data-bs-parent=\"#faqAccordion\">\n                    <div class=\"accordion-body\">\n                        <p>Est\u00e1 obligado a declarar impuestos si gan\u00f3 al menos 12.550 $ como soltero o 25.100 $ si est\u00e1 casado. Es posible que en algunos casos no est\u00e9 obligado a presentar una declaraci\u00f3n de la renta, pero podr\u00eda ser beneficioso presentarla de todos modos. He aqu\u00ed algunas situaciones en las que podr\u00eda ser el caso:<\/p>\n<ul>\n<li><strong>Puede obtener un reembolso de los impuestos retenidos o estimados<\/strong>: Si su empleador retuvo impuestos federales sobre la renta de su salario o usted hizo pagos de impuestos estimados, la presentaci\u00f3n de una declaraci\u00f3n de impuestos puede permitirle recibir parte o la totalidad de esos pagos en exceso de vuelta en forma de un reembolso de impuestos.<\/li>\n<li><strong>Puede solicitar cr\u00e9ditos fiscales<\/strong>: Los cr\u00e9ditos fiscales son particularmente valiosos para los contribuyentes con bajos ingresos, ya que pueden proporcionar un reembolso m\u00e1s all\u00e1 de lo que pag\u00f3 durante el a\u00f1o a trav\u00e9s de retenciones o pagos de impuestos estimados.<\/li>\n<li><strong>Los cr\u00e9ditos reembolsables incluyen:<\/strong>\n<ul>\n<li><strong>Cr\u00e9dito fiscal por ingresos del trabajo (EITC)<\/strong>. El EITC es un cr\u00e9dito fiscal para los trabajadores con ingresos m\u00e1s bajos. Los l\u00edmites de ingresos cambian cada a\u00f1o y dependen de su estado civil y del n\u00famero de personas a su cargo. No puede solicitar el cr\u00e9dito si tiene m\u00e1s de 10.000 $ de ingresos por inversiones.<\/li>\n<li><strong>Cr\u00e9dito fiscal por hijos (CTC)<\/strong>. El CTC est\u00e1 dise\u00f1ado para ayudar a las familias con ingresos bajos y moderados a compensar el coste de criar a sus hijos.<\/li>\n<\/ul>\n<\/li>\n<\/ul>\n                    <\/div>\n                <\/div>\n            <\/div>\n                    <div class=\"accordion-item\">\n                <h2 class=\"accordion-header\" id=\"heading2\">\n                    <button class=\"accordion-button collapsed\" type=\"button\" data-bs-toggle=\"collapse\" data-bs-target=\"#collapse2\" aria-expanded=\"false\" aria-controls=\"collapse2\">\n                        <i class=\"fa fa-plus me-2\"><\/i>\n                        \u00bfD\u00f3nde puedo declarar mis impuestos?                    <\/button>\n                <\/h2>\n                <div id=\"collapse2\" class=\"accordion-collapse collapse\" aria-labelledby=\"heading2\" data-bs-parent=\"#faqAccordion\">\n                    <div class=\"accordion-body\">\n                        <p>Los programas del IRS de Asistencia Voluntaria al Contribuyente (VITA) y Asesoramiento Fiscal para Personas Mayores (TCE) ofrecen preparaci\u00f3n b\u00e1sica gratuita de la declaraci\u00f3n de la renta a las personas que re\u00fanen los requisitos. El programa VITA ha operado durante m\u00e1s de 50 a\u00f1os. Sitios VITA ofrecen ayuda gratuita de impuestos a las personas que necesitan ayuda en la preparaci\u00f3n de sus propias declaraciones de impuestos, incluyendo, Las personas que generalmente ganan $ 67,000 o menos; Las personas con discapacidad; y los contribuyentes de habla Ingl\u00e9s limitado.<\/p>\n<p>Para encontrar otro sitio de preparaci\u00f3n de impuestos VITA cerca de usted, busque ubicaciones\u00a0<a href=\"https:\/\/irs.treasury.gov\/freetaxprep\/\" target=\"_self\"><span class=\"wysiwyg-underline\"><strong>aqu\u00ed<\/strong><\/span><\/a>\u00a0o puede trabajar con un preparador de impuestos virtual en\u00a0<span class=\"wysiwyg-underline\"><strong><a href=\"https:\/\/myfreetaxes.com\/\" target=\"_self\">https:\/\/myfreetaxes.com\/<\/a><\/strong><\/span>.<\/p>\n                    <\/div>\n                <\/div>\n            <\/div>\n                    <div class=\"accordion-item\">\n                <h2 class=\"accordion-header\" id=\"heading3\">\n                    <button class=\"accordion-button collapsed\" type=\"button\" data-bs-toggle=\"collapse\" data-bs-target=\"#collapse3\" aria-expanded=\"false\" aria-controls=\"collapse3\">\n                        <i class=\"fa fa-plus me-2\"><\/i>\n                        \u00bfQu\u00e9 debo llevar a mi cita fiscal?                    <\/button>\n                <\/h2>\n                <div id=\"collapse3\" class=\"accordion-collapse collapse\" aria-labelledby=\"heading3\" data-bs-parent=\"#faqAccordion\">\n                    <div class=\"accordion-body\">\n                        <p>Para preparar su declaraci\u00f3n de la renta, necesitar\u00e1 los siguientes elementos:<\/p>\n<div class=\"container\">\n<div id=\"article-container\" class=\"article-container\">\n<article id=\"main-content\" class=\"article\">\n<div class=\"article-content\">\n<div class=\"article-body\">\n<div class=\"article-inner\">\n<ul>\n<li>Prueba de identificaci\u00f3n con fotograf\u00eda (permiso de conducir, tarjeta de identificaci\u00f3n emitida por el estado, autorizaci\u00f3n de empleo, etc.)<\/li>\n<li>Tarjeta de la Seguridad Social o N\u00famero de Identificaci\u00f3n Fiscal Individual (ITIN): Las tarjetas son necesarias para el contribuyente, su c\u00f3nyuge si presenta una declaraci\u00f3n conjunta, y cualquier dependiente elegible que est\u00e9 reclamando en su declaraci\u00f3n de impuestos<\/li>\n<li>Todos los documentos de ingresos que reciba: Esto incluye los formularios W-2, 1099MISC, 1099R, 1099INT o cualquier otra documentaci\u00f3n de ingresos que reciba.<\/li>\n<li>Todos los documentos fiscales asociados con cualquier deducci\u00f3n o cr\u00e9dito que elija reclamar en su declaraci\u00f3n de impuestos. Podr\u00eda incluir: declaraciones de impuestos sobre la propiedad, gastos m\u00e9dicos, declaraciones de intereses hipotecarios, declaraciones de intereses de pr\u00e9stamos estudiantiles, declaraciones de pagos de matr\u00edcula y\/o declaraciones emitidas por el IRS.<\/li>\n<li>Copia de la declaraci\u00f3n de la renta del a\u00f1o anterior, si est\u00e1 disponible.<\/li>\n<li>Comprobante de cuenta para el dep\u00f3sito directo del reembolso (no se puede utilizar el comprobante de dep\u00f3sito)<\/li>\n<li>Total pagado al proveedor de la guarder\u00eda y su n\u00famero de identificaci\u00f3n fiscal<\/li>\n<li>Fechas de nacimiento suyas, de su c\u00f3nyuge y\/o de las personas a su cargo que figuran en la declaraci\u00f3n<\/li>\n<li>Prueba de la condici\u00f3n de extranjero si solicita el ITIN<\/li>\n<li>Formularios 1095-A, B o C (Affordable Health Care Statements)<\/li>\n<li>Si presenta una declaraci\u00f3n conjunta, necesitar\u00e1 todos los documentos anteriores para su c\u00f3nyuge\/pareja<\/li>\n<\/ul>\n<p><span data-contrast=\"none\"><span class=\"TextRun SCXW96983714 BCX0\" lang=\"EN-US\" data-contrast=\"none\"><span class=\"NormalTextRun SCXW96983714 BCX0\" data-ccp-parastyle=\"Normal (Web)\">Haga clic\u00a0<a href=\"https:\/\/rescue.app.box.com\/s\/gbu389tx81shju3facluovmijqsp2jgi\" target=\"_self\"><span class=\"wysiwyg-underline\"><strong>aqu\u00ed<\/strong><\/span><\/a> para ver una lista completa de los documentos que podr\u00eda necesitar llevar a su cita fiscal.\u00a0<\/span><\/span><\/span><\/p>\n<\/div>\n<\/div>\n<\/div>\n<\/article>\n<\/div>\n<\/div>\n<p>&nbsp;<\/p>\n                    <\/div>\n                <\/div>\n            <\/div>\n            <\/div>\n\n    <script>\n        document.addEventListener('DOMContentLoaded', function() {\n            const accordionButtons = document.querySelectorAll('.accordion-button');\n\n            accordionButtons.forEach(button => {\n                const collapse = button.getAttribute('data-bs-target');\n                const collapseElement = document.querySelector(collapse);\n\n                collapseElement.addEventListener('show.bs.collapse', function() {\n                    const icon = button.querySelector('.fa');\n                    icon.classList.remove('fa-plus');\n                    icon.classList.add('fa-minus');\n                });\n\n                collapseElement.addEventListener('hide.bs.collapse', function() {\n                    const icon = button.querySelector('.fa');\n                    icon.classList.remove('fa-minus');\n                    icon.classList.add('fa-plus');\n                });\n            });\n        });\n    <\/script>\n\n<style> \n\n.accordion-button {\n\n    color: black!important;\n    font-weight: 700;\n} \n\n.accordion-button:after {\n\n    display: none;\n}\n\n.accordion-body {\n\n    background: #f7f7f7;\n}\n\n\n\n<\/style><\/div><\/div>\n","protected":false},"excerpt":{"rendered":"<p>Las declaraciones de impuestos anuales se preparan desde mediados de enero hasta mediados de abril, para el a\u00f1o anterior. El IRS est\u00e1 aceptando declaraciones de impuestos de 2024 del 30 de enero al 18 de abril de 2025. Puede encontrar m\u00e1s informaci\u00f3n sobre la presentaci\u00f3n de sus impuestos en las preguntas a continuaci\u00f3n o en [&#8230;]<\/p>\n<p><a class=\"btn btn-secondary understrap-read-more-link\" href=\"https:\/\/www.safeirc.org\/es\/declare-sus-impuestos\/\">Read More&#8230;<span class=\"screen-reader-text\"> from Declare sus impuestos<\/span><\/a><\/p>\n","protected":false},"author":1,"featured_media":0,"parent":0,"menu_order":0,"comment_status":"closed","ping_status":"closed","template":"","meta":{"_acf_changed":false,"footnotes":""},"class_list":["post-1046","page","type-page","status-publish","hentry"],"acf":[],"_links":{"self":[{"href":"https:\/\/www.safeirc.org\/es\/wp-json\/wp\/v2\/pages\/1046"}],"collection":[{"href":"https:\/\/www.safeirc.org\/es\/wp-json\/wp\/v2\/pages"}],"about":[{"href":"https:\/\/www.safeirc.org\/es\/wp-json\/wp\/v2\/types\/page"}],"author":[{"embeddable":true,"href":"https:\/\/www.safeirc.org\/es\/wp-json\/wp\/v2\/users\/1"}],"replies":[{"embeddable":true,"href":"https:\/\/www.safeirc.org\/es\/wp-json\/wp\/v2\/comments?post=1046"}],"version-history":[{"count":8,"href":"https:\/\/www.safeirc.org\/es\/wp-json\/wp\/v2\/pages\/1046\/revisions"}],"predecessor-version":[{"id":2261,"href":"https:\/\/www.safeirc.org\/es\/wp-json\/wp\/v2\/pages\/1046\/revisions\/2261"}],"wp:attachment":[{"href":"https:\/\/www.safeirc.org\/es\/wp-json\/wp\/v2\/media?parent=1046"}],"curies":[{"name":"wp","href":"https:\/\/api.w.org\/{rel}","templated":true}]}}