{"id":1059,"date":"2024-08-14T12:24:35","date_gmt":"2024-08-14T12:24:35","guid":{"rendered":"https:\/\/live-irc-safe.pantheonsite.io\/obtener-un-prestamo\/"},"modified":"2025-02-11T19:43:51","modified_gmt":"2025-02-11T19:43:51","slug":"obtener-un-prestamo","status":"publish","type":"page","link":"https:\/\/www.safeirc.org\/es\/obtener-un-prestamo\/","title":{"rendered":"Obtener un pr\u00e9stamo"},"content":{"rendered":"\n<div class=\"wp-block-cover is-light fade-in-cover below\" style=\"min-height:600px;aspect-ratio:unset;\"><span aria-hidden=\"true\" class=\"wp-block-cover__background has-background-dim-0 has-background-dim\" style=\"background-color:#8f7a76\"><\/span><img loading=\"lazy\" decoding=\"async\" width=\"1440\" height=\"592\" class=\"wp-block-cover__image-background wp-image-339\" alt=\"\" src=\"http:\/\/irc-safe.lndo.site\/wp-content\/uploads\/2024\/08\/safe-loan-bg-1.png\" style=\"object-position:43% 0%\" data-object-fit=\"cover\" data-object-position=\"43% 0%\" srcset=\"https:\/\/www.safeirc.org\/wp-content\/uploads\/2024\/08\/safe-loan-bg-1.png 1440w, https:\/\/www.safeirc.org\/wp-content\/uploads\/2024\/08\/safe-loan-bg-1-300x123.png 300w, https:\/\/www.safeirc.org\/wp-content\/uploads\/2024\/08\/safe-loan-bg-1-1024x421.png 1024w, https:\/\/www.safeirc.org\/wp-content\/uploads\/2024\/08\/safe-loan-bg-1-768x316.png 768w\" sizes=\"(max-width: 1440px) 100vw, 1440px\" \/><div class=\"wp-block-cover__inner-container is-layout-constrained wp-block-cover-is-layout-constrained\">\n<div class=\"wp-block-group reveal-container\"><div class=\"wp-block-group__inner-container is-layout-constrained wp-block-group-is-layout-constrained\">\n<h2 class=\"wp-block-heading has-text-align-center bg-primary fade-in-left reveal-content has-text-color has-link-color has-large-font-size wp-elements-13acbfbd9bb855a7a5eab7b545a549a3\" style=\"color:#000000\">Obtener un pr\u00e9stamo<\/h2>\n<\/div><\/div>\n<\/div><\/div>\n\n\n\n<div class=\"wp-block-group pad-5 intro-group pos-relative\"><div class=\"wp-block-group__inner-container is-layout-constrained wp-block-group-is-layout-constrained\">\n<div class=\"border-animate\"> <\/div>\n\n\n\n<p class=\"fade-in-up1\" style=\"font-size:28px\"><strong>CENTRO PARA LA OPORTUNIDAD ECON\u00d3MICA (CEO)<\/strong><\/p>\n\n\n\n<div style=\"height:20px\" aria-hidden=\"true\" class=\"wp-block-spacer\"><\/div>\n\n\n\n<p class=\"fade-in-up1\">El Centro de Oportunidades Econ\u00f3micas (CEO) del IRC es un prestamista sin fines de lucro especializado en otorgar pr\u00e9stamos de bajo monto. El CEO est\u00e1 certificado por el Departamento del Tesoro de EE. UU. como una Instituci\u00f3n Financiera de Desarrollo Comunitario (CDFI, por sus siglas en ingl\u00e9s) nacional y actualmente tiene operaciones en 18 estados. El CEO ofrece pr\u00e9stamos peque\u00f1os dise\u00f1ados para satisfacer las necesidades pr\u00e1cticas de las familias trabajadoras y los nuevos estadounidenses, incluidos pr\u00e9stamos para construir cr\u00e9dito, comprar un autom\u00f3vil, pagar por capacitaci\u00f3n, iniciar un negocio y otros casos de uso que apoyan el empoderamiento econ\u00f3mico en general. El CEO no acepta solicitudes de pr\u00e9stamos directamente de los clientes; en su lugar, el CEO trabaja en asociaci\u00f3n con IRC y otras organizaciones que ofrecen educaci\u00f3n financiera, y estos socios refieren a sus clientes al CEO para financiamiento.<\/p>\n\n\n\n<p class=\"fade-in-up1\"><br>Todas las solicitudes de pr\u00e9stamo de CEO deben presentarse con la asistencia de un asesor financiero de IRC o SAFE, pero CEO toma todas las decisiones finales con respecto a la aprobaci\u00f3n del pr\u00e9stamo. Por favor, consulte <strong><a href=\"https:\/\/rescue.box.com\/s\/2ogbh51ebxjizuu9k96vgr96k5wpjphn\" target=\"_blank\" rel=\"noreferrer noopener\">C\u00f3mo CEO Toma Decisiones<\/a><\/strong> de pr\u00e9stamo para obtener m\u00e1s informaci\u00f3n.<\/p>\n\n\n\n<p class=\"fade-in-up1\"><br>Pr\u00e9stamos CEO est\u00e1n actualmente disponibles en los siguientes estados: AZ, CA, CO, FL, GA, IA, ID, KS, MA, MD, NJ, NY, TX, UT, VA, WA. <\/p>\n\n\n\n<p class=\"fade-in-up1\"><br>M\u00e1s informaci\u00f3n sobre CEO y sus productos de pr\u00e9stamo se puede encontrar en <a href=\"http:\/\/www.irc-ceo.org\/\"><strong>www.irc-ceo.org.<\/strong><\/a> <\/p>\n<\/div><\/div>\n\n\n\n<div class=\"wp-block-group pad-5 shadow bg-primary general-block fade-in-up1\"><div class=\"wp-block-group__inner-container is-layout-constrained wp-block-group-is-layout-constrained\">\n<h2 class=\"wp-block-heading\"><strong>REQUISITOS GENERALES PARA LA SOLICITUD DE PR\u00c9STAMOS Y TIPOS DE INTER\u00c9S<\/strong><\/h2>\n\n\n\n<p><strong>Aprende m\u00e1s sobre las tasas de pr\u00e9stamos del CEO de IRC para construcci\u00f3n de cr\u00e9dito, compra de autom\u00f3vil, refinanciamiento de autom\u00f3vil, pr\u00e9stamos personales, educaci\u00f3n y capacitaci\u00f3n, e inmigraci\u00f3n <a href=\"https:\/\/support.irc-ceo.org\/hc\/en-us\/articles\/12916365041044-Loan-Product-Rates-and-Terms\" data-type=\"link\" data-id=\"https:\/\/support.irc-ceo.org\/hc\/en-us\/articles\/12916365041044-Loan-Product-Rates-and-Terms\">aqu\u00ed<\/a>.<\/strong><\/p>\n\n\n\n<p class=\"has-text-color has-link-color wp-elements-d5c44ac855e9c33f2825715485a13ed7\" style=\"color:#000000\">Antes de solicitar un pr\u00e9stamo CEO, incluidos los pr\u00e9stamos para la creaci\u00f3n de cr\u00e9dito, todos los solicitantes deben cumplir los siguientes requisitos: <\/p>\n\n\n\n<ul style=\"color:#000000\" class=\"wp-block-list has-text-color has-link-color wp-elements-ceb8fbfedf4def1877832e0f2092c0ab\">\n<li>Reunirse con un entrenador financiero: Un entrenador financiero puede ayudarle a alcanzar sus metas financieras y ayudarle a completar su solicitud de pr\u00e9stamo. Para ponerse en contacto con un entrenador financiero por favor llegue a SAFE <strong><a href=\"https:\/\/live-irc-safe.pantheonsite.io\/es\/consejeria-financiera\/\" data-type=\"page\" data-id=\"321\">aqu\u00ed<\/a><\/strong>.  <\/li>\n\n\n\n<li>Asistir a una clase de educaci\u00f3n de cr\u00e9dito: SAFE ofrece clases de cr\u00e9dito en vivo todos los meses. La informaci\u00f3n de las clases se encuentra <a href=\"https:\/\/live-irc-safe.pantheonsite.io\/es\/clases-de-educacion-financiera\/\" data-type=\"page\" data-id=\"222\"><strong>aqu\u00ed<\/strong><\/a>.  <\/li>\n\n\n\n<li>Mientras espera para concertar una cita con un asesor financiero, le animamos a que empiece a trabajar en los puntos anteriores y se inscriba en una de las pr\u00f3ximas clases<strong> <\/strong><a class=\"black\" href=\"https:\/\/live-irc-safe.pantheonsite.io\/es\/clases-de-educacion-financiera\/\" data-type=\"page\" data-id=\"222\"><strong>aqu\u00ed<\/strong><\/a><strong>!<\/strong> <\/li>\n<\/ul>\n<\/div><\/div>\n\n\n\n<div style=\"height:75px\" aria-hidden=\"true\" class=\"wp-block-spacer\"><\/div>\n\n\n\n<p class=\"has-text-align-center w-85\"><br><\/p>\n\n\n\n<div style=\"height:35px\" aria-hidden=\"true\" class=\"wp-block-spacer\"><\/div>\n","protected":false},"excerpt":{"rendered":"<p>CENTRO PARA LA OPORTUNIDAD ECON\u00d3MICA (CEO) El Centro de Oportunidades Econ\u00f3micas (CEO) del IRC es un prestamista sin fines de lucro especializado en otorgar pr\u00e9stamos de bajo monto. El CEO est\u00e1 certificado por el Departamento del Tesoro de EE. UU. como una Instituci\u00f3n Financiera de Desarrollo Comunitario (CDFI, por sus siglas en ingl\u00e9s) nacional y [&#8230;]<\/p>\n<p><a class=\"btn btn-secondary understrap-read-more-link\" href=\"https:\/\/www.safeirc.org\/es\/obtener-un-prestamo\/\">Read More&#8230;<span class=\"screen-reader-text\"> from Obtener un pr\u00e9stamo<\/span><\/a><\/p>\n","protected":false},"author":1,"featured_media":0,"parent":0,"menu_order":0,"comment_status":"closed","ping_status":"closed","template":"","meta":{"_acf_changed":false,"footnotes":""},"class_list":["post-1059","page","type-page","status-publish","hentry"],"acf":[],"_links":{"self":[{"href":"https:\/\/www.safeirc.org\/es\/wp-json\/wp\/v2\/pages\/1059"}],"collection":[{"href":"https:\/\/www.safeirc.org\/es\/wp-json\/wp\/v2\/pages"}],"about":[{"href":"https:\/\/www.safeirc.org\/es\/wp-json\/wp\/v2\/types\/page"}],"author":[{"embeddable":true,"href":"https:\/\/www.safeirc.org\/es\/wp-json\/wp\/v2\/users\/1"}],"replies":[{"embeddable":true,"href":"https:\/\/www.safeirc.org\/es\/wp-json\/wp\/v2\/comments?post=1059"}],"version-history":[{"count":13,"href":"https:\/\/www.safeirc.org\/es\/wp-json\/wp\/v2\/pages\/1059\/revisions"}],"predecessor-version":[{"id":2328,"href":"https:\/\/www.safeirc.org\/es\/wp-json\/wp\/v2\/pages\/1059\/revisions\/2328"}],"wp:attachment":[{"href":"https:\/\/www.safeirc.org\/es\/wp-json\/wp\/v2\/media?parent=1059"}],"curies":[{"name":"wp","href":"https:\/\/api.w.org\/{rel}","templated":true}]}}