{"id":539,"date":"2024-08-13T14:33:15","date_gmt":"2024-08-13T14:33:15","guid":{"rendered":"http:\/\/irc-safe.lndo.site\/inicio\/"},"modified":"2025-02-19T20:10:39","modified_gmt":"2025-02-19T20:10:39","slug":"inicio","status":"publish","type":"page","link":"https:\/\/www.safeirc.org\/es\/","title":{"rendered":"Inicio"},"content":{"rendered":"\n<div class=\"wp-block-cover is-light fade-in-cover below\" style=\"min-height:640px;aspect-ratio:unset;\"><span aria-hidden=\"true\" class=\"wp-block-cover__background has-background-dim-0 has-background-dim\" style=\"background-color:#8f7a76\"><\/span><img loading=\"lazy\" decoding=\"async\" width=\"1277\" height=\"636\" class=\"wp-block-cover__image-background wp-image-40\" alt=\"\" src=\"http:\/\/irc-safe.lndo.site\/wp-content\/uploads\/2024\/08\/bg-home.png\" style=\"object-position:52% 0%\" data-object-fit=\"cover\" data-object-position=\"52% 0%\" srcset=\"https:\/\/www.safeirc.org\/wp-content\/uploads\/2024\/08\/bg-home.png 1277w, https:\/\/www.safeirc.org\/wp-content\/uploads\/2024\/08\/bg-home-300x149.png 300w, https:\/\/www.safeirc.org\/wp-content\/uploads\/2024\/08\/bg-home-1024x510.png 1024w, https:\/\/www.safeirc.org\/wp-content\/uploads\/2024\/08\/bg-home-768x382.png 768w\" sizes=\"(max-width: 1277px) 100vw, 1277px\" \/><div class=\"wp-block-cover__inner-container is-layout-constrained wp-block-cover-is-layout-constrained\">\n<p class=\"has-text-align-center has-large-font-size\"><\/p>\n<\/div><\/div>\n\n\n\n<div class=\"wp-block-group first-block has-background\" style=\"background-color:#f2f3f5\"><div class=\"wp-block-group__inner-container is-layout-constrained wp-block-group-is-layout-constrained\">\n<div class=\"wp-block-group bg-primary w-85 intro-block pad-5 fade-in-up\"><div class=\"wp-block-group__inner-container is-layout-constrained wp-block-group-is-layout-constrained\">\n<h1 class=\"wp-block-heading has-text-align-center\">Bienvenido a SAFE<\/h1>\n\n\n\n<p>Supporting Access to Financial Empowerment (SAFE) es una iniciativa lanzada por el Comit\u00e9 Internacional de Rescate (IRC, por sus siglas en ingl\u00e9s) y el Centro de Oportunidades Econ\u00f3micas (CEO, por sus siglas en ingl\u00e9s) del IRC para empoderar a las comunidades mientras comienzan su camino hacia la estabilidad financiera y la seguridad econ\u00f3mica en todo Estados Unidos.<\/p>\n\n\n\n<h2 class=\"wp-block-heading has-text-align-center\"><strong>Cont\u00e1ctenos<\/strong><\/h2>\n\n\n\n<div class=\"wp-block-buttons is-content-justification-center is-layout-flex wp-container-core-buttons-is-layout-1 wp-block-buttons-is-layout-flex\">\n<div class=\"wp-block-button\"><a class=\"wp-block-button__link has-text-align-center wp-element-button\" href=\"mailto:safe.project@rescue.org\">Env\u00edenos un correo electr\u00f3nico<\/a><\/div>\n\n\n\n<div class=\"wp-block-button\"><a class=\"wp-block-button__link wp-element-button\" href=\"https:\/\/wa.me\/16468230220\">WhatsApp<\/a><\/div>\n<\/div>\n<\/div><\/div>\n\n\n\n<div class=\"wp-block-columns pad-5 first-pad is-layout-flex wp-container-core-columns-is-layout-1 wp-block-columns-is-layout-flex\"><\/div>\n<\/div><\/div>\n\n\n\n<div class=\"wp-block-group pad-5 bg-primary pos-relative\"><div class=\"wp-block-group__inner-container is-layout-constrained wp-block-group-is-layout-constrained\">\n<div class=\"block-bg\" style=\"background-image:url(https:\/\/live-irc-safe.pantheonsite.io\/wp-content\/uploads\/img\/block-bg1.png)\"> <\/div>\n\n\n\n<div class=\"wp-block-group fade-in-up1\"><div class=\"wp-block-group__inner-container is-layout-constrained wp-block-group-is-layout-constrained\">\n<h3 class=\"wp-block-heading has-text-align-center black\">Nuestros servicios<\/h3>\n\n\n\n<p class=\"has-text-align-center\"><strong>Todos nuestros servicios son gratuitos<\/strong><\/p>\n<\/div><\/div>\n\n\n\n<div style=\"height:35px\" aria-hidden=\"true\" class=\"wp-block-spacer\"><\/div>\n\n\n\n<div class=\"our-services\">\n\n\n        <a href=\"es\/obtener-un-prestamo \" class=\"service-block fade-in-up1\">\n            <img decoding=\"async\" src=\"https:\/\/www.safeirc.org\/wp-content\/uploads\/2024\/08\/get-a-safe-loan.png\"\/>\n            <h4>Obtenga un pr\u00e9stamo SAFE<\/h4>\n            <div class=\"service-content\">\n                \n<p>Ofrece pr\u00e9stamos a bajo inter\u00e9s para autom\u00f3viles, educaci\u00f3n, inmigraci\u00f3n y pr\u00e9stamos personales. Con 0% TAE para pr\u00e9stamos para la construcci\u00f3n de cr\u00e9dito. <\/p>\n            <\/div>\n        <\/a>\n            <a href=\"\/es\/clases-de-educacion-financiera\/ \" class=\"service-block fade-in-up1\">\n            <img decoding=\"async\" src=\"https:\/\/www.safeirc.org\/wp-content\/uploads\/2024\/08\/online-classes.png\"\/>\n            <h4>Inscr\u00edbase en clases en l\u00ednea<\/h4>\n            <div class=\"service-content\">\n                \n<p>Formaci\u00f3n en grupo, en directo y en l\u00ednea, sobre banca, cr\u00e9dito y el sistema financiero de EE.UU.<\/p>\n            <\/div>\n        <\/a>\n            <a href=\"\/es\/consejeria-financiera \" class=\"service-block fade-in-up1\">\n            <img decoding=\"async\" src=\"https:\/\/www.safeirc.org\/wp-content\/uploads\/2024\/08\/make-appointment.png\"\/>\n            <h4>Haga una cita con un asesor financiero<\/h4>\n            <div class=\"service-content\">\n                \n<p>Asesoramiento financiero, orientaci\u00f3n y defensa del consumidor 1:1 <br\/><\/p>\n            <\/div>\n        <\/a>\n            <a href=\"\/es\/declare-sus-impuestos \" class=\"service-block fade-in-up1\">\n            <img decoding=\"async\" src=\"https:\/\/www.safeirc.org\/wp-content\/uploads\/2024\/08\/taxes-1.png\"\/>\n            <h4>Declare sus impuestos<\/h4>\n            <div class=\"service-content\">\n                \n<p>Asesoramiento y asistencia en l\u00ednea para la declaraci\u00f3n de impuestos<br\/><br\/><\/p>\n            <\/div>\n        <\/a>\n            <a href=\"\/es\/videos-de-educacion-financiera\/ \" class=\"service-block fade-in-up1\">\n            <img decoding=\"async\" src=\"https:\/\/www.safeirc.org\/wp-content\/uploads\/2024\/08\/learn-on-the-go-1.png\"\/>\n            <h4>Aprenda sobre la marcha<\/h4>\n            <div class=\"service-content\">\n                \n<p>Lecciones y contenidos basados en v\u00eddeo para aprender en cualquier lugar y en cualquier momento. Aprende sobre generaci\u00f3n de ingresos, banca, cr\u00e9dito, ahorro \u00a1y mucho m\u00e1s! <\/p>\n            <\/div>\n        <\/a>\n    \n\n\n<\/div>\n\n<script type=\"text\/javascript\">\n    \n    window.addEventListener('load', function() {\n    const serviceBlocks = document.querySelectorAll('.service-block');\n    let maxHeight = 0;\n\n    serviceBlocks.forEach(block => {\n        block.style.height = 'auto'; \/\/ Reset height\n        maxHeight = Math.max(maxHeight, block.offsetHeight);\n    });\n\n    serviceBlocks.forEach(block => {\n        block.style.height = maxHeight + 'px'; \/\/ Set all items to the max height\n    });\n});\n\nwindow.addEventListener('resize', function() {\n    \/\/ Adjust heights on window resize\n    const serviceBlocks = document.querySelectorAll('.service-block');\n    let maxHeight = 0;\n\n    serviceBlocks.forEach(block => {\n        block.style.height = 'auto'; \/\/ Reset height\n        maxHeight = Math.max(maxHeight, block.offsetHeight);\n    });\n\n    serviceBlocks.forEach(block => {\n        block.style.height = maxHeight + 'px'; \/\/ Set all items to the max height\n    });\n});\n\n<\/script>\n\n\n<p><\/p>\n<\/div><\/div>\n","protected":false},"excerpt":{"rendered":"<p>Bienvenido a SAFE Supporting Access to Financial Empowerment (SAFE) es una iniciativa lanzada por el Comit\u00e9 Internacional de Rescate (IRC, por sus siglas en ingl\u00e9s) y el Centro de Oportunidades Econ\u00f3micas (CEO, por sus siglas en ingl\u00e9s) del IRC para empoderar a las comunidades mientras comienzan su camino hacia la estabilidad financiera y la seguridad [&#8230;]<\/p>\n<p><a class=\"btn btn-secondary understrap-read-more-link\" href=\"https:\/\/www.safeirc.org\/es\/\">Read More&#8230;<span class=\"screen-reader-text\"> from Inicio<\/span><\/a><\/p>\n","protected":false},"author":1,"featured_media":0,"parent":0,"menu_order":0,"comment_status":"closed","ping_status":"closed","template":"","meta":{"_acf_changed":false,"footnotes":""},"class_list":["post-539","page","type-page","status-publish","hentry"],"acf":[],"_links":{"self":[{"href":"https:\/\/www.safeirc.org\/es\/wp-json\/wp\/v2\/pages\/539"}],"collection":[{"href":"https:\/\/www.safeirc.org\/es\/wp-json\/wp\/v2\/pages"}],"about":[{"href":"https:\/\/www.safeirc.org\/es\/wp-json\/wp\/v2\/types\/page"}],"author":[{"embeddable":true,"href":"https:\/\/www.safeirc.org\/es\/wp-json\/wp\/v2\/users\/1"}],"replies":[{"embeddable":true,"href":"https:\/\/www.safeirc.org\/es\/wp-json\/wp\/v2\/comments?post=539"}],"version-history":[{"count":20,"href":"https:\/\/www.safeirc.org\/es\/wp-json\/wp\/v2\/pages\/539\/revisions"}],"predecessor-version":[{"id":2411,"href":"https:\/\/www.safeirc.org\/es\/wp-json\/wp\/v2\/pages\/539\/revisions\/2411"}],"wp:attachment":[{"href":"https:\/\/www.safeirc.org\/es\/wp-json\/wp\/v2\/media?parent=539"}],"curies":[{"name":"wp","href":"https:\/\/api.w.org\/{rel}","templated":true}]}}