{"id":731,"date":"2024-08-13T18:03:17","date_gmt":"2024-08-13T18:03:17","guid":{"rendered":"https:\/\/live-irc-safe.pantheonsite.io\/que-es-safe\/"},"modified":"2025-02-11T19:36:01","modified_gmt":"2025-02-11T19:36:01","slug":"que-es-safe","status":"publish","type":"page","link":"https:\/\/www.safeirc.org\/es\/que-es-safe\/","title":{"rendered":"\u00bfQu\u00e9 es SAFE?"},"content":{"rendered":"\n<div class=\"wp-block-cover below fade-in-cover\" style=\"min-height:665px;aspect-ratio:unset;\"><span aria-hidden=\"true\" class=\"wp-block-cover__background has-background-dim-0 has-background-dim\" style=\"background-color:#8f7a76\"><\/span><img loading=\"lazy\" decoding=\"async\" width=\"1440\" height=\"636\" class=\"wp-block-cover__image-background wp-image-117\" alt=\"\" src=\"http:\/\/irc-safe.lndo.site\/wp-content\/uploads\/2024\/08\/bg-about.png\" data-object-fit=\"cover\" srcset=\"https:\/\/www.safeirc.org\/wp-content\/uploads\/2024\/08\/bg-about.png 1440w, https:\/\/www.safeirc.org\/wp-content\/uploads\/2024\/08\/bg-about-300x133.png 300w, https:\/\/www.safeirc.org\/wp-content\/uploads\/2024\/08\/bg-about-1024x452.png 1024w, https:\/\/www.safeirc.org\/wp-content\/uploads\/2024\/08\/bg-about-768x339.png 768w\" sizes=\"(max-width: 1440px) 100vw, 1440px\" \/><div class=\"wp-block-cover__inner-container is-layout-constrained wp-block-cover-is-layout-constrained\">\n<div class=\"wp-block-group reveal-container\"><div class=\"wp-block-group__inner-container is-layout-constrained wp-block-group-is-layout-constrained\">\n<h2 class=\"wp-block-heading has-text-align-center bg-primary fade-in-left reveal-content has-text-color has-link-color has-large-font-size wp-elements-d39bc879000236be9004ed2c6dc49d05\" style=\"color:#000000\">\u00bfQu\u00e9 es SAFE?<\/h2>\n<\/div><\/div>\n<\/div><\/div>\n\n\n\n<div class=\"wp-block-group pad-5 intro-group pos-relative\"><div class=\"wp-block-group__inner-container is-layout-constrained wp-block-group-is-layout-constrained\">\n<div class=\"border-animate\"><\/div>\n\n\n\n<p class=\"fade-in-up1\">Supporting Access to Financial Empowerment (SAFE) es una iniciativa lanzada por el Comit\u00e9 Internacional de Rescate (IRC) y el Centro de Oportunidades Econ\u00f3micas (CEO) del IRC para empoderar a las comunidades mientras comienzan su viaje.<\/p>\n\n\n\n<p class=\"fade-in-up1\"> Los tres componentes clave de SAFE son:<\/p>\n\n\n\n<p class=\"fade-in-up1\"><\/p>\n\n\n\n<ul class=\"wp-block-list fade-in-up1\">\n<li>Portal web en el idioma correspondiente que sirve como acceso a todos los servicios de SAFE y est\u00e1 disponible para las familias sin importar d\u00f3nde se encuentren en los EE. UU.<\/li>\n\n\n\n<li>Servicios de educaci\u00f3n y asesoramiento financiero en idiomas ofrecidos a trav\u00e9s de una red de asesores financieros de SAFE para ayudar a comprender los sistemas bancarios y financieros estadounidenses.<\/li>\n\n\n\n<li>Acceso a pr\u00e9stamos de bajo coste para la construcci\u00f3n de cr\u00e9dito, autom\u00f3viles, educaci\u00f3n, inmigraci\u00f3n y pr\u00e9stamos personales a los hogares, con descuentos para los inmigrantes por razones humanitarias que llegaron a los EE.UU. en los \u00faltimos dos a\u00f1os. <\/li>\n<\/ul>\n<\/div><\/div>\n\n\n\n<div class=\"wp-block-columns is-layout-flex wp-container-core-columns-is-layout-1 wp-block-columns-is-layout-flex\">\n<div class=\"wp-block-column slide-in-left is-layout-flow wp-block-column-is-layout-flow\" style=\"flex-basis:60%\">\n<div class=\"wp-block-cover is-light overlap-block-image\" style=\"min-height:477px;aspect-ratio:unset;\"><span aria-hidden=\"true\" class=\"wp-block-cover__background has-background-dim-0 has-background-dim\" style=\"background-color:#958c7c\"><\/span><img loading=\"lazy\" decoding=\"async\" width=\"846\" height=\"693\" class=\"wp-block-cover__image-background wp-image-121\" alt=\"\" src=\"http:\/\/irc-safe.lndo.site\/wp-content\/uploads\/2024\/08\/Banner-Photo-2.png\" style=\"object-position:48% 0%\" data-object-fit=\"cover\" data-object-position=\"48% 0%\" srcset=\"https:\/\/www.safeirc.org\/wp-content\/uploads\/2024\/08\/Banner-Photo-2.png 846w, https:\/\/www.safeirc.org\/wp-content\/uploads\/2024\/08\/Banner-Photo-2-300x246.png 300w, https:\/\/www.safeirc.org\/wp-content\/uploads\/2024\/08\/Banner-Photo-2-768x629.png 768w\" sizes=\"(max-width: 846px) 100vw, 846px\" \/><div class=\"wp-block-cover__inner-container is-layout-constrained wp-block-cover-is-layout-constrained\">\n<p class=\"has-text-align-center has-large-font-size\"><\/p>\n<\/div><\/div>\n<\/div>\n\n\n\n<div class=\"wp-block-column pos-relative slide-in-right above is-layout-flow wp-block-column-is-layout-flow\">\n<div class=\"wp-block-group overlap-block bg-primary pad-5\"><div class=\"wp-block-group__inner-container is-layout-constrained wp-block-group-is-layout-constrained\">\n<h3 class=\"wp-block-heading\">Acerca del IRC<\/h3>\n\n\n\n<p>El Comit\u00e9 Internacional de Rescate (IRC, por sus siglas en ingl\u00e9s) ayuda a las personas afectadas por crisis humanitarias, incluida la crisis clim\u00e1tica, a sobrevivir, recuperarse y reconstruir sus vidas. Fundado por iniciativa de Albert Einstein en 1933, el IRC trabaja actualmente en m\u00e1s de 40 pa\u00edses afectados por crisis, as\u00ed como en comunidades de Europa y las Am\u00e9ricas. Logramos un impacto duradero proporcionando atenci\u00f3n m\u00e9dica, ayudando a los ni\u00f1os a aprender y empoderando a individuos y comunidades para que se vuelvan autosuficientes.<\/p>\n<\/div><\/div>\n<\/div>\n<\/div>\n\n\n\n<div class=\"video-overlay\"> \n    <div class=\"video-wrapper\"> \n        <div class=\"video-close\">\n            <i class=\"fa fa-close\"><\/i> \n        <\/div>\n        <iframe data-src=\"https:\/\/www.youtube.com\/embed\/gXr-mQM7qXY\" frameborder=\"0\" allow=\"autoplay; encrypted-media\" allowfullscreen=\"\">\n        <\/iframe> \n    <\/div> \n<\/div>\n\n\n\n<div style=\"height:40px\" aria-hidden=\"true\" class=\"wp-block-spacer\"><\/div>\n\n\n\n<div class=\"wp-block-columns is-layout-flex wp-container-core-columns-is-layout-2 wp-block-columns-is-layout-flex\">\n<div class=\"wp-block-column pos-relative slide-in-left is-layout-flow wp-block-column-is-layout-flow\">\n<div class=\"wp-block-group overlap-block-inverse has-text-color has-background has-link-color wp-elements-46fbbe2052ad2f6310d78d207b1acf61\" style=\"color:#ffffff;background-color:#000000\"><div class=\"wp-block-group__inner-container is-layout-constrained wp-block-group-is-layout-constrained\">\n<h3 class=\"wp-block-heading\">Acerca de IRC&#8217;s CEO<\/h3>\n\n\n\n<p>El CEO del IRC es un prestamista sin fines de lucro especializado en otorgar pr\u00e9stamos de bajo monto. El CEO est\u00e1 certificado por el Departamento del Tesoro de EE. UU. como una Instituci\u00f3n Financiera de Desarrollo Comunitario (CDFI, por sus siglas en ingl\u00e9s) nacional y actualmente tiene operaciones en 18 estados. El CEO gestionar\u00e1 el Fondo SAFE de principio a fin, incluyendo la evaluaci\u00f3n de riesgos, el servicio, los informes crediticios y el servicio al cliente. El CEO no cobra cargos por pagos atrasados y es flexible al modificar los pr\u00e9stamos o diferir los pagos para ayudar a los clientes a proteger su cr\u00e9dito y superar la turbulencia financiera.<\/p>\n<\/div><\/div>\n<\/div>\n\n\n\n<div class=\"wp-block-column slide-in-right is-layout-flow wp-block-column-is-layout-flow\" style=\"flex-basis:60%\"><div class=\"youtube-block overlap-block-inverse-image\">\n    <div class=\"video-thumbnail\" style=\"background-image: url('https:\/\/www.safeirc.org\/wp-content\/uploads\/2024\/08\/hqdefault.jpg');\">\n        <div class=\"play-button\">\n            <span>&#9658;<\/span>\n        <\/div>\n    <\/div>\n\n\n<\/div>\n\n\n<style type=\"text\/css\">\n    .video-close {\n\n            position: absolute;\n    top: -50px;\n    color: #ffc518;\n    font-size: 25px;\n    right: 0;\n\n    }\n.youtube-block {\n    position: relative;\n    cursor: pointer;\n}\n\n.video-thumbnail {\n    position: relative;\n    width: 100%;\n    background-size: cover;\n    background-position: center;\n    height: 100%;\n}\n\n .above { \n\nz-index: 902   ; }\n\n.slide-in-left:nth-child(1){\n\nz-index: 901}\n.play-button {\n    position: absolute;\n    top: 50%;\n    left: 50%;\n    transform: translate(-50%, -50%);\n    background-color: #ffce00;\n    border-radius: 50%;\n    width: 80px;\n    height: 80px;\n    display: flex;\n    justify-content: center;\n    align-items: center;\n}\n\n.play-button span {\n    font-size: 36px;\n    color: black;\n}\n\n.video-overlay {\n    position: fixed; \/* Fixed to cover the entire screen *\/\n    top: 0;\n    left: 0;\n    width: 100%;\n    height: 100%;\n    background: rgba(0, 0, 0, 0.8);\n    display: none;\n    justify-content: center;\n    align-items: center;\n    z-index: 1000; \/* Ensures it appears above other content *\/\n}\n\n.video-wrapper {\n    width: 80%;\n    max-width: 800px;\n    aspect-ratio: 16 \/ 9; \/* Ensures 16:9 ratio *\/\n    position: relative;\n}\n\n.video-wrapper iframe {\n    position: absolute;\n    top: 0;\n    left: 0;\n    width: 100%;\n    height: 100%;\n}\n\n\n<\/style>\n\n<script type=\"text\/javascript\">\n    \n\n        const videoBlock = document.querySelector('.youtube-block');\n    const videoOverlay = document.querySelector('.video-overlay');\n    const iframe = videoOverlay.querySelector('iframe');\n    const originalSrc = iframe.getAttribute('data-src'); \/\/ Store the original src\n\n    if (videoBlock && videoOverlay) {\n        videoBlock.addEventListener('click', function () {\n            \/\/ Set the iframe src with autoplay enabled\n            iframe.src = originalSrc + \"?autoplay=1\";\n            videoOverlay.style.display = 'flex';\n        });\n\n        videoOverlay.addEventListener('click', function (e) {\n            if (e.target === videoOverlay || e.target.closest('.video-close')) {\n                \/\/ Stop the video by resetting the iframe src\n                iframe.src = \"\";\n                videoOverlay.style.display = 'none';\n            }\n        });\n    }\n<\/script><\/div>\n<\/div>\n\n\n\n<div class=\"wp-block-group pad-5\"><div class=\"wp-block-group__inner-container is-layout-constrained wp-block-group-is-layout-constrained\">\n<h3 class=\"wp-block-heading has-text-align-center black w-85 fade-in-up1\" style=\"font-size:22px\">Gracias a los donantes que apoyan generosamente nuestro proyecto SAFE.<\/h3>\n\n\n<div class=\"donors\">\n\n    \n        <a href=\"https:\/\/blackrock.com\" class=\"donor-block\">\n            \n           <img decoding=\"async\" src=\"https:\/\/www.safeirc.org\/wp-content\/uploads\/2024\/08\/image-102.png\"\/>\n            \n       \n        <\/a>\n\n        \n        <a href=\"https:\/\/www.csjp.org\/\" class=\"donor-block\">\n            \n           <img decoding=\"async\" src=\"https:\/\/www.safeirc.org\/wp-content\/uploads\/2024\/08\/image-108.png\"\/>\n            \n       \n        <\/a>\n\n        \n        <a href=\"https:\/\/fjc.org\/\" class=\"donor-block\">\n            \n           <img decoding=\"async\" src=\"https:\/\/www.safeirc.org\/wp-content\/uploads\/2024\/08\/image-109.png\"\/>\n            \n       \n        <\/a>\n\n        \n        <a href=\"https:\/\/www.wes.org\/\" class=\"donor-block\">\n            \n           <img decoding=\"async\" src=\"https:\/\/www.safeirc.org\/wp-content\/uploads\/2024\/08\/image-104.png\"\/>\n            \n       \n        <\/a>\n\n        \n        <a href=\"https:\/\/doordash.com\" class=\"donor-block\">\n            \n           <img decoding=\"async\" src=\"https:\/\/www.safeirc.org\/wp-content\/uploads\/2024\/08\/image-103.png\"\/>\n            \n       \n        <\/a>\n\n        \n        <a href=\"https:\/\/www.fspa.org\/\" class=\"donor-block\">\n            \n           <img decoding=\"async\" src=\"https:\/\/www.safeirc.org\/wp-content\/uploads\/2024\/08\/image-106.png\"\/>\n            \n       \n        <\/a>\n\n        \n        <a href=\"https:\/\/www.mothercabrini.org\/\" class=\"donor-block\">\n            \n           <img decoding=\"async\" src=\"https:\/\/www.safeirc.org\/wp-content\/uploads\/2024\/08\/image-105.png\"\/>\n            \n       \n        <\/a>\n\n        \n        <a href=\"\" class=\"donor-block\">\n            \n           <img decoding=\"async\" src=\"https:\/\/www.safeirc.org\/wp-content\/uploads\/2024\/08\/image-107.png\"\/>\n            \n       \n        <\/a>\n\n        \n        <a href=\"https:\/\/theshapirofoundation.org\/\" class=\"donor-block\">\n            \n           <img decoding=\"async\" src=\"https:\/\/www.safeirc.org\/wp-content\/uploads\/2024\/08\/image-101.png\"\/>\n            \n       \n        <\/a>\n\n        \n        <a href=\"https:\/\/mercyinvestmentservices.org\/\" class=\"donor-block\">\n            \n           <img decoding=\"async\" src=\"https:\/\/www.safeirc.org\/wp-content\/uploads\/2024\/08\/image-110.png\"\/>\n            \n       \n        <\/a>\n\n        \n        <a href=\"https:\/\/www.wellsfargo.com\/\" class=\"donor-block\">\n            \n           <img decoding=\"async\" src=\"https:\/\/www.safeirc.org\/wp-content\/uploads\/2024\/08\/image-111.png\"\/>\n            \n       \n        <\/a>\n\n    \n<\/div><\/div><\/div>\n\n\n\n<div class=\"wp-block-group pad-5 fade-in-up1 has-background\" style=\"background-color:#f2f3f5\"><div class=\"wp-block-group__inner-container is-layout-constrained wp-block-group-is-layout-constrained\">\n<h2 class=\"wp-block-heading fade-in-up1\"><strong>Historias de \u00e9xito de clientes<\/strong><\/h2>\n\n\n\n<div style=\"height:35px\" aria-hidden=\"true\" class=\"wp-block-spacer\"><\/div>\n\n\n<div class=\"clients\"> \n\n        <div class=\"client-block\">\n            <!-- Display the client image at the top in a circular shape -->\n                            <div class=\"client-image\">\n                    <img loading=\"lazy\" decoding=\"async\" width=\"426\" height=\"531\" src=\"https:\/\/www.safeirc.org\/wp-content\/uploads\/2025\/03\/Ana.jpg\" class=\"attachment-full size-full wp-post-image\" alt=\"\" srcset=\"https:\/\/www.safeirc.org\/wp-content\/uploads\/2025\/03\/Ana.jpg 426w, https:\/\/www.safeirc.org\/wp-content\/uploads\/2025\/03\/Ana-241x300.jpg 241w\" sizes=\"(max-width: 426px) 100vw, 426px\" \/>                <\/div>\n                        \n            <!-- Output the title of the post -->\n           <div class=\"resource-meta\"> <h4>Ana<\/h4>\n            <p class=\"client-company\"> SAFE Cliente<\/p>\n           <\/div>\n           <a class=\"client-link\" href=\"https:\/\/www.safeirc.org\/es\/client\/ana\/\">\n\n\n    <i class=\"fa fa-arrow-right\"><\/i> M\u00e1s informaci\u00f3n\n           <\/a>\n        <\/div>\n            <div class=\"client-block\">\n            <!-- Display the client image at the top in a circular shape -->\n                            <div class=\"client-image\">\n                    <img loading=\"lazy\" decoding=\"async\" width=\"866\" height=\"1364\" src=\"https:\/\/www.safeirc.org\/wp-content\/uploads\/2024\/08\/Nazila.png\" class=\"attachment-full size-full wp-post-image\" alt=\"\" srcset=\"https:\/\/www.safeirc.org\/wp-content\/uploads\/2024\/08\/Nazila.png 866w, https:\/\/www.safeirc.org\/wp-content\/uploads\/2024\/08\/Nazila-190x300.png 190w, https:\/\/www.safeirc.org\/wp-content\/uploads\/2024\/08\/Nazila-650x1024.png 650w, https:\/\/www.safeirc.org\/wp-content\/uploads\/2024\/08\/Nazila-768x1210.png 768w\" sizes=\"(max-width: 866px) 100vw, 866px\" \/>                <\/div>\n                        \n            <!-- Output the title of the post -->\n           <div class=\"resource-meta\"> <h4>Nazila<\/h4>\n            <p class=\"client-company\"> SAFE Cliente<\/p>\n           <\/div>\n           <a class=\"client-link\" href=\"https:\/\/www.safeirc.org\/es\/client\/nazila\/\">\n\n\n    <i class=\"fa fa-arrow-right\"><\/i> M\u00e1s informaci\u00f3n\n           <\/a>\n        <\/div>\n            <div class=\"client-block\">\n            <!-- Display the client image at the top in a circular shape -->\n                            <div class=\"client-image\">\n                    <img loading=\"lazy\" decoding=\"async\" width=\"1134\" height=\"1302\" src=\"https:\/\/www.safeirc.org\/wp-content\/uploads\/2024\/08\/Noor.png\" class=\"attachment-full size-full wp-post-image\" alt=\"\" srcset=\"https:\/\/www.safeirc.org\/wp-content\/uploads\/2024\/08\/Noor.png 1134w, https:\/\/www.safeirc.org\/wp-content\/uploads\/2024\/08\/Noor-261x300.png 261w, https:\/\/www.safeirc.org\/wp-content\/uploads\/2024\/08\/Noor-892x1024.png 892w, https:\/\/www.safeirc.org\/wp-content\/uploads\/2024\/08\/Noor-768x882.png 768w\" sizes=\"(max-width: 1134px) 100vw, 1134px\" \/>                <\/div>\n                        \n            <!-- Output the title of the post -->\n           <div class=\"resource-meta\"> <h4>Noor<\/h4>\n            <p class=\"client-company\"> SAFE Cliente<\/p>\n           <\/div>\n           <a class=\"client-link\" href=\"https:\/\/www.safeirc.org\/es\/client\/noor\/\">\n\n\n    <i class=\"fa fa-arrow-right\"><\/i> M\u00e1s informaci\u00f3n\n           <\/a>\n        <\/div>\n            <div class=\"client-block\">\n            <!-- Display the client image at the top in a circular shape -->\n                            <div class=\"client-image\">\n                    <img loading=\"lazy\" decoding=\"async\" width=\"1024\" height=\"768\" src=\"https:\/\/www.safeirc.org\/wp-content\/uploads\/2024\/08\/Image.jpeg\" class=\"attachment-full size-full wp-post-image\" alt=\"\" srcset=\"https:\/\/www.safeirc.org\/wp-content\/uploads\/2024\/08\/Image.jpeg 1024w, https:\/\/www.safeirc.org\/wp-content\/uploads\/2024\/08\/Image-300x225.jpeg 300w, https:\/\/www.safeirc.org\/wp-content\/uploads\/2024\/08\/Image-768x576.jpeg 768w\" sizes=\"(max-width: 1024px) 100vw, 1024px\" \/>                <\/div>\n                        \n            <!-- Output the title of the post -->\n           <div class=\"resource-meta\"> <h4>Abdul<\/h4>\n            <p class=\"client-company\"> SAFE Cliente<\/p>\n           <\/div>\n           <a class=\"client-link\" href=\"https:\/\/www.safeirc.org\/es\/client\/abdul\/\">\n\n\n    <i class=\"fa fa-arrow-right\"><\/i> M\u00e1s informaci\u00f3n\n           <\/a>\n        <\/div>\n    \n<\/div><\/div><\/div>\n","protected":false},"excerpt":{"rendered":"<p>Supporting Access to Financial Empowerment (SAFE) es una iniciativa lanzada por el Comit\u00e9 Internacional de Rescate (IRC) y el Centro de Oportunidades Econ\u00f3micas (CEO) del IRC para empoderar a las comunidades mientras comienzan su viaje. Los tres componentes clave de SAFE son: Acerca del IRC El Comit\u00e9 Internacional de Rescate (IRC, por sus siglas en [&#8230;]<\/p>\n<p><a class=\"btn btn-secondary understrap-read-more-link\" href=\"https:\/\/www.safeirc.org\/es\/que-es-safe\/\">Read More&#8230;<span class=\"screen-reader-text\"> from \u00bfQu\u00e9 es SAFE?<\/span><\/a><\/p>\n","protected":false},"author":1,"featured_media":0,"parent":0,"menu_order":0,"comment_status":"closed","ping_status":"closed","template":"","meta":{"_acf_changed":false,"footnotes":""},"class_list":["post-731","page","type-page","status-publish","hentry"],"acf":[],"_links":{"self":[{"href":"https:\/\/www.safeirc.org\/es\/wp-json\/wp\/v2\/pages\/731"}],"collection":[{"href":"https:\/\/www.safeirc.org\/es\/wp-json\/wp\/v2\/pages"}],"about":[{"href":"https:\/\/www.safeirc.org\/es\/wp-json\/wp\/v2\/types\/page"}],"author":[{"embeddable":true,"href":"https:\/\/www.safeirc.org\/es\/wp-json\/wp\/v2\/users\/1"}],"replies":[{"embeddable":true,"href":"https:\/\/www.safeirc.org\/es\/wp-json\/wp\/v2\/comments?post=731"}],"version-history":[{"count":15,"href":"https:\/\/www.safeirc.org\/es\/wp-json\/wp\/v2\/pages\/731\/revisions"}],"predecessor-version":[{"id":2322,"href":"https:\/\/www.safeirc.org\/es\/wp-json\/wp\/v2\/pages\/731\/revisions\/2322"}],"wp:attachment":[{"href":"https:\/\/www.safeirc.org\/es\/wp-json\/wp\/v2\/media?parent=731"}],"curies":[{"name":"wp","href":"https:\/\/api.w.org\/{rel}","templated":true}]}}