{"id":808,"date":"2024-08-14T14:18:32","date_gmt":"2024-08-14T14:18:32","guid":{"rendered":"https:\/\/live-irc-safe.pantheonsite.io\/para-proveedores-de-servicios\/"},"modified":"2024-08-25T16:32:58","modified_gmt":"2024-08-25T16:32:58","slug":"para-proveedores-de-servicios","status":"publish","type":"page","link":"https:\/\/www.safeirc.org\/es\/para-proveedores-de-servicios\/","title":{"rendered":"Para proveedores de servicios"},"content":{"rendered":"\n<div class=\"wp-block-cover is-light\" style=\"min-height:450px;aspect-ratio:unset;\"><span aria-hidden=\"true\" class=\"wp-block-cover__background has-background-dim-0 has-background-dim\" style=\"background-color:#8f7a76\"><\/span><img loading=\"lazy\" decoding=\"async\" width=\"1440\" height=\"660\" class=\"wp-block-cover__image-background wp-image-197\" alt=\"\" src=\"http:\/\/irc-safe.lndo.site\/wp-content\/uploads\/2024\/08\/bg-financial-education.png\" data-object-fit=\"cover\" srcset=\"https:\/\/www.safeirc.org\/wp-content\/uploads\/2024\/08\/bg-financial-education.png 1440w, https:\/\/www.safeirc.org\/wp-content\/uploads\/2024\/08\/bg-financial-education-300x138.png 300w, https:\/\/www.safeirc.org\/wp-content\/uploads\/2024\/08\/bg-financial-education-1024x469.png 1024w, https:\/\/www.safeirc.org\/wp-content\/uploads\/2024\/08\/bg-financial-education-768x352.png 768w\" sizes=\"(max-width: 1440px) 100vw, 1440px\" \/><div class=\"wp-block-cover__inner-container is-layout-constrained wp-block-cover-is-layout-constrained\">\n<h2 class=\"wp-block-heading has-text-align-center bg-primary has-text-color has-link-color has-large-font-size wp-elements-91e1195538b05a992ec5bb4785a4078a\" style=\"color:#000000\">Recursos de educaci\u00f3n financiera<\/h2>\n<\/div><\/div>\n\n<div class=\"wp-block-group pad-5 intro-group\"><div class=\"wp-block-group__inner-container is-layout-constrained wp-block-group-is-layout-constrained\">\n<p style=\"font-size:28px\"><strong>Consulte para SAFE<\/strong><\/p>\n\n\n\n<p>Si desea recomendar a un cliente o miembro de la comunidad los servicios del programa SAFE, env\u00edenos un correo electr\u00f3nico a <strong><a href=\"mailto:safe.project@irc.org\">safe.project@irc.org.<\/a><\/strong><\/p>\n<\/div><\/div>\n\n<div class=\"wp-block-group pad-5-sides\"><div class=\"wp-block-group__inner-container is-layout-constrained wp-block-group-is-layout-constrained\">\n<div class=\"wp-block-columns is-layout-flex wp-container-core-columns-is-layout-1 wp-block-columns-is-layout-flex\">\n<div class=\"wp-block-column is-layout-flow wp-block-column-is-layout-flow\">   \n\n        <div class=\"resource-block-container\">\n        <div class=\"resource-block single-resource\">\n          \n          <div class=\"row financial-resource-row\">\n\n\n            \n            <div class=\"col-md-12 resource-meta\">\n             <p class=\"financial-resource-title single-resource\">Descargar folleto SAFE <\/p> \n\n            \n\n            <\/div>\n\n\n\n          <\/div>\n\n\n    \n        <\/div>\n               <div class=\"row downloads-single\"> \n\n <a target=\"_blank\" class=\"resource-link\" href=\"https:\/\/rescue.box.com\/s\/xv2t3yh0dxilabqe3bpagvwqb18r21w5\"> <i class=\"fa fa-arrow-down\"> <\/i> English<\/a>\n<a target=\"_blank\" class=\"resource-link\" href=\"https:\/\/rescue.box.com\/s\/53xitb4f9f2im0ij4832zqcrrladu4fw\"> <i class=\"fa fa-arrow-down\"> <\/i> Dari<\/a>\n<a target=\"_blank\" class=\"resource-link\" href=\"https:\/\/rescue.box.com\/s\/s44q7p2ot2i5b4r3anp5n36mv8xhqelv\"> <i class=\"fa fa-arrow-down\"> <\/i> Pashto<\/a>\n\n             <\/div>     \n<\/div>\n\n<style> \n\n.financial-resource-title {\n\n  text-align: center;\n  font-weight: 700;\n  font-size: 1.1rem;\n}\n\n.resource-block {\n  padding:  20px;\n}\n<\/style><\/div>\n\n\n\n<div class=\"wp-block-column is-layout-flow wp-block-column-is-layout-flow\">   \n\n        <div class=\"resource-block-container\">\n        <div class=\"resource-block single-resource\">\n          \n          <div class=\"row financial-resource-row\">\n\n\n            \n            <div class=\"col-md-12 resource-meta\">\n             <p class=\"financial-resource-title single-resource\">Descargar biblioteca de recursos de v\u00eddeo <\/p> \n\n            \n\n            <\/div>\n\n\n\n          <\/div>\n\n\n    \n        <\/div>\n               <div class=\"row downloads-single\"> \n\n <a target=\"_blank\" class=\"resource-link\" href=\"https:\/\/rescue.box.com\/s\/2pqq7vln8ln6h7az2n07cgj4sqxsi83l\"> <i class=\"fa fa-arrow-down\"> <\/i> English<\/a>\n<a target=\"_blank\" class=\"resource-link\" href=\"https:\/\/rescue.box.com\/s\/h5asvxmx6l0tpy8jqjlae2d6ac4g0spz\"> <i class=\"fa fa-arrow-down\"> <\/i> Dari<\/a>\n<a target=\"_blank\" class=\"resource-link\" href=\"https:\/\/rescue.box.com\/s\/168q41xo0svzjuljdy2t72rtumnxqrkr\"> <i class=\"fa fa-arrow-down\"> <\/i> Pashto<\/a>\n\n             <\/div>     \n<\/div>\n\n<style> \n\n.financial-resource-title {\n\n  text-align: center;\n  font-weight: 700;\n  font-size: 1.1rem;\n}\n\n.resource-block {\n  padding:  20px;\n}\n<\/style><\/div>\n<\/div>\n<\/div><\/div>\n\n<div class=\"wp-block-group pad-5-no-top\"><div class=\"wp-block-group__inner-container is-layout-constrained wp-block-group-is-layout-constrained\">\n<div style=\"height:25px\" aria-hidden=\"true\" class=\"wp-block-spacer\"><\/div>\n\n\n\n<p style=\"font-size:28px\"><strong>Asociarse con nosotros<\/strong><\/p>\n\n\n\n<div style=\"height:20px\" aria-hidden=\"true\" class=\"wp-block-spacer\"><\/div>\n\n\n\n<p>Haga correr la voz sobre SAFE con sus clientes y socios.<\/p>\n\n\n\n<p>Cont\u00e1ctenos para discutir oportunidades de asociaci\u00f3n o si tiene preguntas sobre los recursos del programa.<br\/><br\/><br\/><br\/><br\/> Complete el formulario de contacto a continuaci\u00f3n y el personal del programa SAFE se comunicar\u00e1 con usted en breve.<\/p>\n\n\n\n<p>El personal de SAFE env\u00eda boletines mensuales compartiendo actualizaciones sobre el programa, incluidos pr\u00f3ximos talleres, desarrollo de nuevos recursos y otra informaci\u00f3n financiera que puede ser \u00fatil para los clientes.<\/p>\n<\/div><\/div>\n\n<div class=\"wp-block-group pad-5 has-background\" style=\"background-color:#f2f3f5\"><div class=\"wp-block-group__inner-container is-layout-constrained wp-block-group-is-layout-constrained\"><noscript class=\"ninja-forms-noscript-message\">\n\tAviso: Se requiere JavaScript para este contenido.<\/noscript>\n<div id=\"nf-form-1-cont\" class=\"nf-form-cont\" aria-live=\"polite\" aria-labelledby=\"nf-form-title-1\" aria-describedby=\"nf-form-errors-1\" role=\"form\">\n\n    <div class=\"nf-loading-spinner\"><\/div>\n\n<\/div>\n        <!-- That data is being printed as a workaround to page builders reordering the order of the scripts loaded-->\n        <script>var formDisplay=1;var nfForms=nfForms||[];var form=[];form.id='1';form.settings={\"objectType\":\"Form Setting\",\"editActive\":true,\"title\":\"Sign-up for updates\",\"key\":\"\",\"created_at\":\"2024-08-14 14:42:55\",\"default_label_pos\":\"above\",\"conditions\":[],\"show_title\":\"1\",\"clear_complete\":\"1\",\"hide_complete\":\"1\",\"wrapper_class\":\"\",\"element_class\":\"\",\"add_submit\":\"1\",\"logged_in\":\"\",\"not_logged_in_msg\":\"\",\"sub_limit_number\":\"\",\"sub_limit_msg\":\"\",\"calculations\":[],\"formContentData\":[\"first_name_1723646708488\",\"last_name_1723646734767\",\"email\",\"organization_1723646771115\",\"position_1723646864790\",\"select_one_of_the_following_1723646935770\",\"submit\"],\"container_styles_background-color\":\"\",\"container_styles_border\":\"\",\"container_styles_border-style\":\"\",\"container_styles_border-color\":\"\",\"container_styles_color\":\"\",\"container_styles_height\":\"\",\"container_styles_width\":\"\",\"container_styles_font-size\":\"\",\"container_styles_margin\":\"\",\"container_styles_padding\":\"\",\"container_styles_display\":\"\",\"container_styles_float\":\"\",\"container_styles_show_advanced_css\":\"0\",\"container_styles_advanced\":\"\",\"title_styles_background-color\":\"\",\"title_styles_border\":\"\",\"title_styles_border-style\":\"\",\"title_styles_border-color\":\"\",\"title_styles_color\":\"\",\"title_styles_height\":\"\",\"title_styles_width\":\"\",\"title_styles_font-size\":\"\",\"title_styles_margin\":\"\",\"title_styles_padding\":\"\",\"title_styles_display\":\"\",\"title_styles_float\":\"\",\"title_styles_show_advanced_css\":\"0\",\"title_styles_advanced\":\"\",\"row_styles_background-color\":\"\",\"row_styles_border\":\"\",\"row_styles_border-style\":\"\",\"row_styles_border-color\":\"\",\"row_styles_color\":\"\",\"row_styles_height\":\"\",\"row_styles_width\":\"\",\"row_styles_font-size\":\"\",\"row_styles_margin\":\"\",\"row_styles_padding\":\"\",\"row_styles_display\":\"\",\"row_styles_show_advanced_css\":\"0\",\"row_styles_advanced\":\"\",\"row-odd_styles_background-color\":\"\",\"row-odd_styles_border\":\"\",\"row-odd_styles_border-style\":\"\",\"row-odd_styles_border-color\":\"\",\"row-odd_styles_color\":\"\",\"row-odd_styles_height\":\"\",\"row-odd_styles_width\":\"\",\"row-odd_styles_font-size\":\"\",\"row-odd_styles_margin\":\"\",\"row-odd_styles_padding\":\"\",\"row-odd_styles_display\":\"\",\"row-odd_styles_show_advanced_css\":\"0\",\"row-odd_styles_advanced\":\"\",\"success-msg_styles_background-color\":\"\",\"success-msg_styles_border\":\"\",\"success-msg_styles_border-style\":\"\",\"success-msg_styles_border-color\":\"\",\"success-msg_styles_color\":\"\",\"success-msg_styles_height\":\"\",\"success-msg_styles_width\":\"\",\"success-msg_styles_font-size\":\"\",\"success-msg_styles_margin\":\"\",\"success-msg_styles_padding\":\"\",\"success-msg_styles_display\":\"\",\"success-msg_styles_show_advanced_css\":\"0\",\"success-msg_styles_advanced\":\"\",\"error_msg_styles_background-color\":\"\",\"error_msg_styles_border\":\"\",\"error_msg_styles_border-style\":\"\",\"error_msg_styles_border-color\":\"\",\"error_msg_styles_color\":\"\",\"error_msg_styles_height\":\"\",\"error_msg_styles_width\":\"\",\"error_msg_styles_font-size\":\"\",\"error_msg_styles_margin\":\"\",\"error_msg_styles_padding\":\"\",\"error_msg_styles_display\":\"\",\"error_msg_styles_show_advanced_css\":\"0\",\"error_msg_styles_advanced\":\"\",\"allow_public_link\":0,\"embed_form\":\"\",\"form_title_heading_level\":\"3\",\"currency\":\"\",\"unique_field_error\":\"A form with this value has already been submitted.\",\"changeEmailErrorMsg\":\"Introduce una direcci\\u00f3n de correo electr\\u00f3nico v\\u00e1lida.\",\"changeDateErrorMsg\":\"Please enter a valid date!\",\"confirmFieldErrorMsg\":\"Estos campos deben coincidir.\",\"fieldNumberNumMinError\":\"Error de n\\u00famero m\\u00ednimo\",\"fieldNumberNumMaxError\":\"Error de n\\u00famero m\\u00e1ximo\",\"fieldNumberIncrementBy\":\"Increm\\u00e9ntalo por \",\"formErrorsCorrectErrors\":\"Corrige los errores antes de enviar este formulario.\",\"validateRequiredField\":\"Esto es un campo obligatorio.\",\"honeypotHoneypotError\":\"Error de Honeypot\",\"fieldsMarkedRequired\":\"Campos marcados con <span class=\\\"ninja-forms-req-symbol\\\">*<\\\/span> son requeridos\",\"objectDomain\":\"display\",\"drawerDisabled\":false,\"ninjaForms\":\"Ninja Forms\",\"fieldTextareaRTEInsertLink\":\"Insertar enlace\",\"fieldTextareaRTEInsertMedia\":\"Insertar medios\",\"fieldTextareaRTESelectAFile\":\"Seleccione un archivo\",\"formHoneypot\":\"Si eres un ser humano y est\\u00e1s viendo este campo, por favor d\\u00e9jalo vac\\u00edo.\",\"fileUploadOldCodeFileUploadInProgress\":\"Carga de archivo en curso.\",\"fileUploadOldCodeFileUpload\":\"CARGA DE ARCHIVO\",\"currencySymbol\":\"&#36;\",\"thousands_sep\":\",\",\"decimal_point\":\".\",\"siteLocale\":\"es_ES\",\"dateFormat\":\"m\\\/d\\\/Y\",\"startOfWeek\":\"1\",\"of\":\"de\",\"previousMonth\":\"Previo Mes\",\"nextMonth\":\"Siguiente Mes\",\"months\":[\"Enero\",\"Febrero\",\"Marzo\",\"Abril\",\"Mayo\",\"Junio\",\"Julio\",\"Agosto\",\"Septiembre\",\"Octubre\",\"Noviembre\",\"Diciembre\"],\"monthsShort\":[\"Ene\",\"Feb\",\"Mar\",\"Abr\",\"Mayo\",\"Jun\",\"Jul\",\"Ago\",\"Sep\",\"Oct\",\"Nov\",\"Dic\"],\"weekdays\":[\"Domingo\",\"Lunes\",\"Martes\",\"Mi\\u00e9rcoles\",\"Jueves\",\"Viernes\",\"Sabado\"],\"weekdaysShort\":[\"Dom\",\"Lun\",\"Mar\",\"Mie\",\"Jue\",\"Vie\",\"Sab\"],\"weekdaysMin\":[\"Do\",\"Lu\",\"Ma\",\"Mi\",\"Ju\",\"Vi\",\"Sa\"],\"recaptchaConsentMissing\":\"reCaptcha validation couldn&#039;t load.\",\"recaptchaMissingCookie\":\"reCaptcha v3 validation couldn&#039;t load the cookie needed to submit the form.\",\"recaptchaConsentEvent\":\"Accept reCaptcha cookies before sending the form.\",\"currency_symbol\":\"\",\"beforeForm\":\"\",\"beforeFields\":\"\",\"afterFields\":\"\",\"afterForm\":\"\"};form.fields=[{\"objectType\":\"Field\",\"objectDomain\":\"fields\",\"editActive\":false,\"order\":1,\"idAttribute\":\"id\",\"label\":\"First Name\",\"key\":\"first_name_1723646708488\",\"type\":\"textbox\",\"created_at\":\"2024-08-14 14:42:55\",\"label_pos\":\"hidden\",\"required\":1,\"placeholder\":\"First Name\",\"default\":\"\",\"wrapper_class\":\"\",\"element_class\":\"\",\"container_class\":\"one-half first\",\"input_limit\":\"\",\"input_limit_type\":\"characters\",\"input_limit_msg\":\"Character(s) left\",\"manual_key\":\"\",\"disable_input\":\"\",\"admin_label\":\"\",\"help_text\":\"\",\"desc_text\":\"\",\"disable_browser_autocomplete\":\"\",\"mask\":\"\",\"custom_mask\":\"\",\"wrap_styles_background-color\":\"\",\"wrap_styles_border\":\"\",\"wrap_styles_border-style\":\"\",\"wrap_styles_border-color\":\"\",\"wrap_styles_color\":\"\",\"wrap_styles_height\":\"\",\"wrap_styles_width\":\"\",\"wrap_styles_font-size\":\"\",\"wrap_styles_margin\":\"\",\"wrap_styles_padding\":\"\",\"wrap_styles_display\":\"\",\"wrap_styles_float\":\"\",\"wrap_styles_show_advanced_css\":0,\"wrap_styles_advanced\":\"\",\"label_styles_background-color\":\"\",\"label_styles_border\":\"\",\"label_styles_border-style\":\"\",\"label_styles_border-color\":\"\",\"label_styles_color\":\"\",\"label_styles_height\":\"\",\"label_styles_width\":\"\",\"label_styles_font-size\":\"\",\"label_styles_margin\":\"\",\"label_styles_padding\":\"\",\"label_styles_display\":\"\",\"label_styles_float\":\"\",\"label_styles_show_advanced_css\":0,\"label_styles_advanced\":\"\",\"element_styles_background-color\":\"\",\"element_styles_border\":\"\",\"element_styles_border-style\":\"\",\"element_styles_border-color\":\"\",\"element_styles_color\":\"\",\"element_styles_height\":\"\",\"element_styles_width\":\"\",\"element_styles_font-size\":\"\",\"element_styles_margin\":\"\",\"element_styles_padding\":\"\",\"element_styles_display\":\"\",\"element_styles_float\":\"\",\"element_styles_show_advanced_css\":0,\"element_styles_advanced\":\"\",\"cellcid\":\"c3277\",\"custom_name_attribute\":\"\",\"personally_identifiable\":\"\",\"value\":\"\",\"drawerDisabled\":false,\"id\":1,\"beforeField\":\"\",\"afterField\":\"\",\"parentType\":\"textbox\",\"element_templates\":[\"textbox\",\"input\"],\"old_classname\":\"\",\"wrap_template\":\"wrap\"},{\"objectType\":\"Field\",\"objectDomain\":\"fields\",\"editActive\":false,\"order\":2,\"idAttribute\":\"id\",\"label\":\"Last Name\",\"type\":\"textbox\",\"key\":\"last_name_1723646734767\",\"label_pos\":\"hidden\",\"required\":false,\"default\":\"\",\"placeholder\":\"Last Name\",\"container_class\":\"one-half\",\"element_class\":\"\",\"input_limit\":\"\",\"input_limit_type\":\"characters\",\"input_limit_msg\":\"Character(s) left\",\"manual_key\":false,\"admin_label\":\"\",\"help_text\":\"\",\"mask\":\"\",\"custom_mask\":\"\",\"custom_name_attribute\":\"\",\"personally_identifiable\":\"\",\"value\":\"\",\"drawerDisabled\":false,\"id\":5,\"beforeField\":\"\",\"afterField\":\"\",\"parentType\":\"textbox\",\"element_templates\":[\"textbox\",\"input\"],\"old_classname\":\"\",\"wrap_template\":\"wrap\"},{\"objectType\":\"Field\",\"objectDomain\":\"fields\",\"editActive\":false,\"order\":3,\"idAttribute\":\"id\",\"label\":\"Email\",\"key\":\"email\",\"type\":\"email\",\"created_at\":\"2024-08-14 14:42:55\",\"label_pos\":\"hidden\",\"required\":1,\"placeholder\":\"E-mail\",\"default\":\"\",\"wrapper_class\":\"\",\"element_class\":\"\",\"container_class\":\"\",\"admin_label\":\"\",\"help_text\":\"\",\"desc_text\":\"\",\"wrap_styles_background-color\":\"\",\"wrap_styles_border\":\"\",\"wrap_styles_border-style\":\"\",\"wrap_styles_border-color\":\"\",\"wrap_styles_color\":\"\",\"wrap_styles_height\":\"\",\"wrap_styles_width\":\"\",\"wrap_styles_font-size\":\"\",\"wrap_styles_margin\":\"\",\"wrap_styles_padding\":\"\",\"wrap_styles_display\":\"\",\"wrap_styles_float\":\"\",\"wrap_styles_show_advanced_css\":0,\"wrap_styles_advanced\":\"\",\"label_styles_background-color\":\"\",\"label_styles_border\":\"\",\"label_styles_border-style\":\"\",\"label_styles_border-color\":\"\",\"label_styles_color\":\"\",\"label_styles_height\":\"\",\"label_styles_width\":\"\",\"label_styles_font-size\":\"\",\"label_styles_margin\":\"\",\"label_styles_padding\":\"\",\"label_styles_display\":\"\",\"label_styles_float\":\"\",\"label_styles_show_advanced_css\":0,\"label_styles_advanced\":\"\",\"element_styles_background-color\":\"\",\"element_styles_border\":\"\",\"element_styles_border-style\":\"\",\"element_styles_border-color\":\"\",\"element_styles_color\":\"\",\"element_styles_height\":\"\",\"element_styles_width\":\"\",\"element_styles_font-size\":\"\",\"element_styles_margin\":\"\",\"element_styles_padding\":\"\",\"element_styles_display\":\"\",\"element_styles_float\":\"\",\"element_styles_show_advanced_css\":0,\"element_styles_advanced\":\"\",\"cellcid\":\"c3281\",\"custom_name_attribute\":\"email\",\"personally_identifiable\":1,\"value\":\"\",\"drawerDisabled\":false,\"id\":2,\"beforeField\":\"\",\"afterField\":\"\",\"parentType\":\"email\",\"element_templates\":[\"email\",\"input\"],\"old_classname\":\"\",\"wrap_template\":\"wrap\"},{\"objectType\":\"Field\",\"objectDomain\":\"fields\",\"editActive\":false,\"order\":4,\"idAttribute\":\"id\",\"label\":\"Organization\",\"type\":\"textbox\",\"key\":\"organization_1723646771115\",\"label_pos\":\"hidden\",\"required\":false,\"default\":\"\",\"placeholder\":\"Organization\\\/Affiliation\",\"container_class\":\"\",\"element_class\":\"\",\"input_limit\":\"\",\"input_limit_type\":\"characters\",\"input_limit_msg\":\"Character(s) left\",\"manual_key\":false,\"admin_label\":\"\",\"help_text\":\"\",\"mask\":\"\",\"custom_mask\":\"\",\"custom_name_attribute\":\"\",\"personally_identifiable\":\"\",\"value\":\"\",\"drawerDisabled\":false,\"id\":6,\"beforeField\":\"\",\"afterField\":\"\",\"parentType\":\"textbox\",\"element_templates\":[\"textbox\",\"input\"],\"old_classname\":\"\",\"wrap_template\":\"wrap\"},{\"objectType\":\"Field\",\"objectDomain\":\"fields\",\"editActive\":false,\"order\":5,\"idAttribute\":\"id\",\"label\":\"Position\",\"type\":\"textbox\",\"key\":\"position_1723646864790\",\"label_pos\":\"hidden\",\"required\":false,\"default\":\"\",\"placeholder\":\"Position\\\/Title\",\"container_class\":\"\",\"element_class\":\"\",\"input_limit\":\"\",\"input_limit_type\":\"characters\",\"input_limit_msg\":\"Character(s) left\",\"manual_key\":false,\"admin_label\":\"\",\"help_text\":\"\",\"mask\":\"\",\"custom_mask\":\"\",\"custom_name_attribute\":\"\",\"personally_identifiable\":\"\",\"value\":\"\",\"drawerDisabled\":false,\"id\":7,\"beforeField\":\"\",\"afterField\":\"\",\"parentType\":\"textbox\",\"element_templates\":[\"textbox\",\"input\"],\"old_classname\":\"\",\"wrap_template\":\"wrap\"},{\"objectType\":\"Field\",\"objectDomain\":\"fields\",\"editActive\":false,\"order\":6,\"idAttribute\":\"id\",\"label\":\"Select one of the following:\",\"type\":\"listradio\",\"key\":\"select_one_of_the_following_1723646935770\",\"label_pos\":\"above\",\"required\":false,\"options\":[{\"errors\":[],\"max_options\":0,\"label\":\"Add to mailing list\",\"value\":\"add\",\"calc\":\"\",\"selected\":0,\"order\":0,\"settingModel\":{\"settings\":false,\"hide_merge_tags\":false,\"error\":false,\"name\":\"options\",\"type\":\"option-repeater\",\"label\":\"Options <a href=\\\"#\\\" class=\\\"nf-add-new\\\">Add New<\\\/a> <a href=\\\"#\\\" class=\\\"extra nf-open-import-tooltip\\\"><i class=\\\"fa fa-sign-in\\\" aria-hidden=\\\"true\\\"><\\\/i> Import<\\\/a>\",\"width\":\"full\",\"group\":\"\",\"value\":[{\"label\":\"One\",\"value\":\"one\",\"calc\":\"\",\"selected\":0,\"order\":0},{\"label\":\"Two\",\"value\":\"two\",\"calc\":\"\",\"selected\":0,\"order\":1},{\"label\":\"Three\",\"value\":\"three\",\"calc\":\"\",\"selected\":0,\"order\":2}],\"columns\":{\"label\":{\"header\":\"Label\",\"default\":\"\"},\"value\":{\"header\":\"Value\",\"default\":\"\"},\"calc\":{\"header\":\"Calc Value\",\"default\":\"\"},\"selected\":{\"header\":\"<span class=\\\"dashicons dashicons-yes\\\"><\\\/span>\",\"default\":0}}},\"manual_value\":true},{\"errors\":[],\"max_options\":0,\"label\":\"Remove from mailing list\",\"value\":\"remove-from-mailing-list\",\"calc\":\"\",\"selected\":0,\"order\":1,\"settingModel\":{\"settings\":false,\"hide_merge_tags\":false,\"error\":false,\"name\":\"options\",\"type\":\"option-repeater\",\"label\":\"Options <a href=\\\"#\\\" class=\\\"nf-add-new\\\">Add New<\\\/a> <a href=\\\"#\\\" class=\\\"extra nf-open-import-tooltip\\\"><i class=\\\"fa fa-sign-in\\\" aria-hidden=\\\"true\\\"><\\\/i> Import<\\\/a>\",\"width\":\"full\",\"group\":\"\",\"value\":[{\"label\":\"One\",\"value\":\"one\",\"calc\":\"\",\"selected\":0,\"order\":0},{\"label\":\"Two\",\"value\":\"two\",\"calc\":\"\",\"selected\":0,\"order\":1},{\"label\":\"Three\",\"value\":\"three\",\"calc\":\"\",\"selected\":0,\"order\":2}],\"columns\":{\"label\":{\"header\":\"Label\",\"default\":\"\"},\"value\":{\"header\":\"Value\",\"default\":\"\"},\"calc\":{\"header\":\"Calc Value\",\"default\":\"\"},\"selected\":{\"header\":\"<span class=\\\"dashicons dashicons-yes\\\"><\\\/span>\",\"default\":0}}}}],\"container_class\":\"\",\"element_class\":\"\",\"admin_label\":\"\",\"help_text\":\"\",\"drawerDisabled\":false,\"id\":8,\"beforeField\":\"\",\"afterField\":\"\",\"value\":\"\",\"parentType\":\"list\",\"element_templates\":[\"listradio\",\"input\"],\"old_classname\":\"list-radio\",\"wrap_template\":\"wrap\"},{\"objectType\":\"Field\",\"objectDomain\":\"fields\",\"editActive\":false,\"order\":7,\"idAttribute\":\"id\",\"label\":\"Submit\",\"key\":\"submit\",\"type\":\"submit\",\"created_at\":\"2024-08-14 14:42:55\",\"processing_label\":\"Processing\",\"container_class\":\"\",\"element_class\":\"\",\"wrap_styles_background-color\":\"\",\"wrap_styles_border\":\"\",\"wrap_styles_border-style\":\"\",\"wrap_styles_border-color\":\"\",\"wrap_styles_color\":\"\",\"wrap_styles_height\":\"\",\"wrap_styles_width\":\"\",\"wrap_styles_font-size\":\"\",\"wrap_styles_margin\":\"\",\"wrap_styles_padding\":\"\",\"wrap_styles_display\":\"\",\"wrap_styles_float\":\"\",\"wrap_styles_show_advanced_css\":0,\"wrap_styles_advanced\":\"\",\"label_styles_background-color\":\"\",\"label_styles_border\":\"\",\"label_styles_border-style\":\"\",\"label_styles_border-color\":\"\",\"label_styles_color\":\"\",\"label_styles_height\":\"\",\"label_styles_width\":\"\",\"label_styles_font-size\":\"\",\"label_styles_margin\":\"\",\"label_styles_padding\":\"\",\"label_styles_display\":\"\",\"label_styles_float\":\"\",\"label_styles_show_advanced_css\":0,\"label_styles_advanced\":\"\",\"element_styles_background-color\":\"\",\"element_styles_border\":\"\",\"element_styles_border-style\":\"\",\"element_styles_border-color\":\"\",\"element_styles_color\":\"\",\"element_styles_height\":\"\",\"element_styles_width\":\"\",\"element_styles_font-size\":\"\",\"element_styles_margin\":\"\",\"element_styles_padding\":\"\",\"element_styles_display\":\"\",\"element_styles_float\":\"\",\"element_styles_show_advanced_css\":0,\"element_styles_advanced\":\"\",\"submit_element_hover_styles_background-color\":\"\",\"submit_element_hover_styles_border\":\"\",\"submit_element_hover_styles_border-style\":\"\",\"submit_element_hover_styles_border-color\":\"\",\"submit_element_hover_styles_color\":\"\",\"submit_element_hover_styles_height\":\"\",\"submit_element_hover_styles_width\":\"\",\"submit_element_hover_styles_font-size\":\"\",\"submit_element_hover_styles_margin\":\"\",\"submit_element_hover_styles_padding\":\"\",\"submit_element_hover_styles_display\":\"\",\"submit_element_hover_styles_float\":\"\",\"submit_element_hover_styles_show_advanced_css\":0,\"submit_element_hover_styles_advanced\":\"\",\"cellcid\":\"c3287\",\"admin_label\":\"\",\"id\":4,\"beforeField\":\"\",\"afterField\":\"\",\"value\":\"\",\"label_pos\":\"above\",\"parentType\":\"textbox\",\"element_templates\":[\"submit\",\"button\",\"input\"],\"old_classname\":\"\",\"wrap_template\":\"wrap-no-label\"}];nfForms.push(form);<\/script>\n        <\/div><\/div>\n","protected":false},"excerpt":{"rendered":"<p>Consulte para SAFE Si desea recomendar a un cliente o miembro de la comunidad los servicios del programa SAFE, env\u00edenos un correo electr\u00f3nico a safe.project@irc.org. Asociarse con nosotros Haga correr la voz sobre SAFE con sus clientes y socios. Cont\u00e1ctenos para discutir oportunidades de asociaci\u00f3n o si tiene preguntas sobre los recursos del programa. Complete [&#8230;]<\/p>\n<p><a class=\"btn btn-secondary understrap-read-more-link\" href=\"https:\/\/www.safeirc.org\/es\/para-proveedores-de-servicios\/\">Read More&#8230;<span class=\"screen-reader-text\"> from Para proveedores de servicios<\/span><\/a><\/p>\n","protected":false},"author":1,"featured_media":0,"parent":0,"menu_order":0,"comment_status":"closed","ping_status":"closed","template":"","meta":{"_acf_changed":false,"footnotes":""},"class_list":["post-808","page","type-page","status-publish","hentry"],"acf":[],"_links":{"self":[{"href":"https:\/\/www.safeirc.org\/es\/wp-json\/wp\/v2\/pages\/808"}],"collection":[{"href":"https:\/\/www.safeirc.org\/es\/wp-json\/wp\/v2\/pages"}],"about":[{"href":"https:\/\/www.safeirc.org\/es\/wp-json\/wp\/v2\/types\/page"}],"author":[{"embeddable":true,"href":"https:\/\/www.safeirc.org\/es\/wp-json\/wp\/v2\/users\/1"}],"replies":[{"embeddable":true,"href":"https:\/\/www.safeirc.org\/es\/wp-json\/wp\/v2\/comments?post=808"}],"version-history":[{"count":1,"href":"https:\/\/www.safeirc.org\/es\/wp-json\/wp\/v2\/pages\/808\/revisions"}],"predecessor-version":[{"id":809,"href":"https:\/\/www.safeirc.org\/es\/wp-json\/wp\/v2\/pages\/808\/revisions\/809"}],"wp:attachment":[{"href":"https:\/\/www.safeirc.org\/es\/wp-json\/wp\/v2\/media?parent=808"}],"curies":[{"name":"wp","href":"https:\/\/api.w.org\/{rel}","templated":true}]}}